{"id":11575,"date":"2019-11-28T12:22:17","date_gmt":"2019-11-28T12:22:17","guid":{"rendered":"https:\/\/www.sibanasistencia.com\/productos\/"},"modified":"2020-06-16T12:44:56","modified_gmt":"2020-06-16T10:44:56","slug":"productos","status":"publish","type":"page","link":"https:\/\/www.sibanasistencia.com\/en\/productos\/","title":{"rendered":"Products"},"content":{"rendered":"<section class=\"l-section wpb_row height_medium\"><div class=\"l-section-h i-cf\"><div class=\"g-cols vc_row via_flex valign_top type_default stacking_default\"><div class=\"vc_col-sm-12 wpb_column vc_column_container\"><div class=\"vc_column-inner\"><div class=\"wpb_wrapper\"><div class=\"w-grid type_grid layout_12451 cols_3 ratio_4x3\" id=\"us_grid_1\" style=\"--gap:1.5rem;\"><style>@media (max-width:1024px){#us_grid_1 .w-grid-item{width:50%}#us_grid_1 .w-grid-item.size_2x1,#us_grid_1 .w-grid-item.size_2x2{width:100%}}@media (max-width:600px){#us_grid_1 .w-grid-list{margin:0}#us_grid_1 .w-grid-item{width:100%;padding:0;margin-bottom:var(--gap,0px)}}.layout_12451 .w-grid-item-h:before{padding-bottom:75%}@media (min-width:601px){.layout_12451 .w-grid-item.size_1x2 .w-grid-item-h:before{padding-bottom:calc(150% + var(--gap,0px) * 2)}.layout_12451 .w-grid-item.size_2x1 .w-grid-item-h:before{padding-bottom:calc(37.5% - var(--gap,0px) * 0.75)}.layout_12451 .w-grid-item.size_2x2 .w-grid-item-h:before{padding-bottom:calc(75% - var(--gap,0px) * -0.5)}}.layout_12451 .w-grid-item-h{}.layout_12451 .usg_post_image_1{transition-duration:0.3s;transform-origin:50% 50%;transform:scale(1) translate(0%,0%)}.layout_12451 .w-grid-item-h:hover .usg_post_image_1{transform:scale(1.1) translate(0%,0%);opacity:1}.layout_12451 .usg_post_image_1{position:absolute!important;top:0!important;right:0!important;bottom:0!important;left:0!important}.layout_12451 .usg_post_title_1{position:absolute!important;top:0!important;right:0!important;bottom:0!important;left:0!important;font-family:var(--h1-font-family)!important;font-size:1.4rem!important}@media (max-width:600px){.layout_12451 .usg_post_title_1{font-size:1.2rem!important}}<\/style><div class=\"w-grid-list\">\t<article class=\"w-grid-item size_1x1 post-11672 us_portfolio type-us_portfolio status-publish has-post-thumbnail hentry us_portfolio_category-bandas-transportadoras-beltsiflex-caucho-en\" data-id=\"11672\">\r\n\t\t<div class=\"w-grid-item-h\">\r\n\t\t\t\t\t\t\t<a href=\"https:\/\/www.sibanasistencia.com\/en\/portfolio\/bandas-transportadoras-beltsiflex-de-caucho\/\" class=\"w-grid-item-anchor\" aria-label=\"BELTSIFLEX rubber conveyor belt\"><\/a>\r\n\t\t\t\t\t\t<div class=\"w-post-elm post_image usg_post_image_1 stretched\"><a href=\"https:\/\/www.sibanasistencia.com\/en\/portfolio\/bandas-transportadoras-beltsiflex-de-caucho\/\" aria-label=\"BELTSIFLEX rubber conveyor belt\"><img loading=\"lazy\" decoding=\"async\" width=\"480\" height=\"320\" src=\"https:\/\/www.sibanasistencia.com\/wp-content\/uploads\/2020\/02\/BANDA-LISA.jpg\" class=\"attachment-large size-large wp-post-image\" alt=\"\" srcset=\"https:\/\/www.sibanasistencia.com\/wp-content\/uploads\/2020\/02\/BANDA-LISA.jpg 480w, https:\/\/www.sibanasistencia.com\/wp-content\/uploads\/2020\/02\/BANDA-LISA-300x200.jpg 300w\" sizes=\"(max-width: 480px) 100vw, 480px\" \/><\/a><\/div><h2 class=\"w-post-elm post_title usg_post_title_1 entry-title color_link_inherit\"><a href=\"https:\/\/www.sibanasistencia.com\/en\/portfolio\/bandas-transportadoras-beltsiflex-de-caucho\/\">BELTSIFLEX rubber conveyor belt<\/a><\/h2>\t\t<\/div>\r\n\t\t\t<\/article>\r\n\t<article class=\"w-grid-item size_1x1 post-11676 us_portfolio type-us_portfolio status-publish has-post-thumbnail hentry us_portfolio_category-bandabord-en\" data-id=\"11676\">\r\n\t\t<div class=\"w-grid-item-h\">\r\n\t\t\t\t\t\t\t<a href=\"https:\/\/www.sibanasistencia.com\/en\/portfolio\/bandabord-bandas-elevadoras\/\" class=\"w-grid-item-anchor\" aria-label=\"Bandabord (Elevator belts)\"><\/a>\r\n\t\t\t\t\t\t<div class=\"w-post-elm post_image usg_post_image_1 stretched\"><a href=\"https:\/\/www.sibanasistencia.com\/en\/portfolio\/bandabord-bandas-elevadoras\/\" aria-label=\"Bandabord (Elevator belts)\"><img loading=\"lazy\" decoding=\"async\" width=\"470\" height=\"800\" src=\"https:\/\/www.sibanasistencia.com\/wp-content\/uploads\/2020\/02\/BANDABORD.jpg\" class=\"attachment-large size-large wp-post-image\" alt=\"\" srcset=\"https:\/\/www.sibanasistencia.com\/wp-content\/uploads\/2020\/02\/BANDABORD.jpg 470w, https:\/\/www.sibanasistencia.com\/wp-content\/uploads\/2020\/02\/BANDABORD-176x300.jpg 176w\" sizes=\"(max-width: 470px) 100vw, 470px\" \/><\/a><\/div><h2 class=\"w-post-elm post_title usg_post_title_1 entry-title color_link_inherit\"><a href=\"https:\/\/www.sibanasistencia.com\/en\/portfolio\/bandabord-bandas-elevadoras\/\">Bandabord (Elevator belts)<\/a><\/h2>\t\t<\/div>\r\n\t\t\t<\/article>\r\n\t<article class=\"w-grid-item size_1x1 post-11962 us_portfolio type-us_portfolio status-publish has-post-thumbnail hentry us_portfolio_category-bandas-transportadoras-pvc-en\" data-id=\"11962\">\r\n\t\t<div class=\"w-grid-item-h\">\r\n\t\t\t\t\t\t\t<a href=\"https:\/\/www.sibanasistencia.com\/en\/portfolio\/bandas-transportadoras-de-pvc\/\" class=\"w-grid-item-anchor\" aria-label=\"PVC belts\"><\/a>\r\n\t\t\t\t\t\t<div class=\"w-post-elm post_image usg_post_image_1 stretched\"><a href=\"https:\/\/www.sibanasistencia.com\/en\/portfolio\/bandas-transportadoras-de-pvc\/\" aria-label=\"PVC belts\"><img loading=\"lazy\" decoding=\"async\" width=\"768\" height=\"1024\" src=\"https:\/\/www.sibanasistencia.com\/wp-content\/uploads\/2020\/02\/PVC-768x1024.jpg\" class=\"attachment-large size-large wp-post-image\" alt=\"\" srcset=\"https:\/\/www.sibanasistencia.com\/wp-content\/uploads\/2020\/02\/PVC-768x1024.jpg 768w, https:\/\/www.sibanasistencia.com\/wp-content\/uploads\/2020\/02\/PVC-225x300.jpg 225w, https:\/\/www.sibanasistencia.com\/wp-content\/uploads\/2020\/02\/PVC-600x800.jpg 600w, https:\/\/www.sibanasistencia.com\/wp-content\/uploads\/2020\/02\/PVC.jpg 1062w\" sizes=\"(max-width: 768px) 100vw, 768px\" \/><\/a><\/div><h2 class=\"w-post-elm post_title usg_post_title_1 entry-title color_link_inherit\"><a href=\"https:\/\/www.sibanasistencia.com\/en\/portfolio\/bandas-transportadoras-de-pvc\/\">PVC belts<\/a><\/h2>\t\t<\/div>\r\n\t\t\t<\/article>\r\n\t<article class=\"w-grid-item size_1x1 post-11960 us_portfolio type-us_portfolio status-publish has-post-thumbnail hentry us_portfolio_category-planchas-de-goma-en\" data-id=\"11960\">\r\n\t\t<div class=\"w-grid-item-h\">\r\n\t\t\t\t\t\t\t<a href=\"https:\/\/www.sibanasistencia.com\/en\/portfolio\/planchas-de-goma\/\" class=\"w-grid-item-anchor\" aria-label=\"Rubber sheet\"><\/a>\r\n\t\t\t\t\t\t<div class=\"w-post-elm post_image usg_post_image_1 stretched\"><a href=\"https:\/\/www.sibanasistencia.com\/en\/portfolio\/planchas-de-goma\/\" aria-label=\"Rubber sheet\"><img loading=\"lazy\" decoding=\"async\" width=\"480\" height=\"320\" src=\"https:\/\/www.sibanasistencia.com\/wp-content\/uploads\/2020\/02\/PLANCHAS-DE-GOMA-480x320-1.jpg\" class=\"attachment-large size-large wp-post-image\" alt=\"\" srcset=\"https:\/\/www.sibanasistencia.com\/wp-content\/uploads\/2020\/02\/PLANCHAS-DE-GOMA-480x320-1.jpg 480w, https:\/\/www.sibanasistencia.com\/wp-content\/uploads\/2020\/02\/PLANCHAS-DE-GOMA-480x320-1-300x200.jpg 300w\" sizes=\"(max-width: 480px) 100vw, 480px\" \/><\/a><\/div><h2 class=\"w-post-elm post_title usg_post_title_1 entry-title color_link_inherit\"><a href=\"https:\/\/www.sibanasistencia.com\/en\/portfolio\/planchas-de-goma\/\">Rubber sheet<\/a><\/h2>\t\t<\/div>\r\n\t\t\t<\/article>\r\n\t<article class=\"w-grid-item size_1x1 post-11746 us_portfolio type-us_portfolio status-publish has-post-thumbnail hentry us_portfolio_category-productos-de-reparacion-en\" data-id=\"11746\">\r\n\t\t<div class=\"w-grid-item-h\">\r\n\t\t\t\t\t\t\t<a href=\"https:\/\/www.sibanasistencia.com\/en\/portfolio\/productos-de-reparacion\/\" class=\"w-grid-item-anchor\" aria-label=\"Repairs products\"><\/a>\r\n\t\t\t\t\t\t<div class=\"w-post-elm post_image usg_post_image_1 stretched\"><a href=\"https:\/\/www.sibanasistencia.com\/en\/portfolio\/productos-de-reparacion\/\" aria-label=\"Repairs products\"><img loading=\"lazy\" decoding=\"async\" width=\"1024\" height=\"601\" src=\"https:\/\/www.sibanasistencia.com\/wp-content\/uploads\/2020\/02\/PRODUCTOS-DE-REPARACION-1024x601.jpg\" class=\"attachment-large size-large wp-post-image\" alt=\"\" srcset=\"https:\/\/www.sibanasistencia.com\/wp-content\/uploads\/2020\/02\/PRODUCTOS-DE-REPARACION-1024x601.jpg 1024w, https:\/\/www.sibanasistencia.com\/wp-content\/uploads\/2020\/02\/PRODUCTOS-DE-REPARACION-300x176.jpg 300w, https:\/\/www.sibanasistencia.com\/wp-content\/uploads\/2020\/02\/PRODUCTOS-DE-REPARACION-1536x902.jpg 1536w, https:\/\/www.sibanasistencia.com\/wp-content\/uploads\/2020\/02\/PRODUCTOS-DE-REPARACION-2048x1203.jpg 2048w, https:\/\/www.sibanasistencia.com\/wp-content\/uploads\/2020\/02\/PRODUCTOS-DE-REPARACION-600x352.jpg 600w\" sizes=\"(max-width: 1024px) 100vw, 1024px\" \/><\/a><\/div><h2 class=\"w-post-elm post_title usg_post_title_1 entry-title color_link_inherit\"><a href=\"https:\/\/www.sibanasistencia.com\/en\/portfolio\/productos-de-reparacion\/\">Repairs products<\/a><\/h2>\t\t<\/div>\r\n\t\t\t<\/article>\r\n\t<article class=\"w-grid-item size_1x1 post-11717 us_portfolio type-us_portfolio status-publish has-post-thumbnail hentry us_portfolio_category-piezas-moldeadas-para-la-industria-pesquera-en\" data-id=\"11717\">\r\n\t\t<div class=\"w-grid-item-h\">\r\n\t\t\t\t\t\t\t<a href=\"https:\/\/www.sibanasistencia.com\/en\/portfolio\/piezas-moldeadas-para-la-industria-pesquera\/\" class=\"w-grid-item-anchor\" aria-label=\"Fishing gear rubber\"><\/a>\r\n\t\t\t\t\t\t<div class=\"w-post-elm post_image usg_post_image_1 stretched\"><a href=\"https:\/\/www.sibanasistencia.com\/en\/portfolio\/piezas-moldeadas-para-la-industria-pesquera\/\" aria-label=\"Fishing gear rubber\"><img loading=\"lazy\" decoding=\"async\" width=\"313\" height=\"289\" src=\"https:\/\/www.sibanasistencia.com\/wp-content\/uploads\/2020\/02\/PIEZAS-MOLDEADAS-PARA-LA-INDUSTRIA-PESQUERA.jpg\" class=\"attachment-large size-large wp-post-image\" alt=\"\" srcset=\"https:\/\/www.sibanasistencia.com\/wp-content\/uploads\/2020\/02\/PIEZAS-MOLDEADAS-PARA-LA-INDUSTRIA-PESQUERA.jpg 313w, https:\/\/www.sibanasistencia.com\/wp-content\/uploads\/2020\/02\/PIEZAS-MOLDEADAS-PARA-LA-INDUSTRIA-PESQUERA-300x277.jpg 300w\" sizes=\"(max-width: 313px) 100vw, 313px\" \/><\/a><\/div><h2 class=\"w-post-elm post_title usg_post_title_1 entry-title color_link_inherit\"><a href=\"https:\/\/www.sibanasistencia.com\/en\/portfolio\/piezas-moldeadas-para-la-industria-pesquera\/\">Fishing gear rubber<\/a><\/h2>\t\t<\/div>\r\n\t\t\t<\/article>\r\n\t<article class=\"w-grid-item size_1x1 post-11694 us_portfolio type-us_portfolio status-publish has-post-thumbnail hentry us_portfolio_category-extrusion-y-moldeo-en\" data-id=\"11694\">\r\n\t\t<div class=\"w-grid-item-h\">\r\n\t\t\t\t\t\t\t<a href=\"https:\/\/www.sibanasistencia.com\/en\/portfolio\/extrusion-y-moldeo\/\" class=\"w-grid-item-anchor\" aria-label=\"Extrusion and shaping\"><\/a>\r\n\t\t\t\t\t\t<div class=\"w-post-elm post_image usg_post_image_1 stretched\"><a href=\"https:\/\/www.sibanasistencia.com\/en\/portfolio\/extrusion-y-moldeo\/\" aria-label=\"Extrusion and shaping\"><img loading=\"lazy\" decoding=\"async\" width=\"813\" height=\"1024\" src=\"https:\/\/www.sibanasistencia.com\/wp-content\/uploads\/2020\/02\/EXTRUSION-Y-MOLDEO-813x1024.jpg\" class=\"attachment-large size-large wp-post-image\" alt=\"\" srcset=\"https:\/\/www.sibanasistencia.com\/wp-content\/uploads\/2020\/02\/EXTRUSION-Y-MOLDEO-813x1024.jpg 813w, https:\/\/www.sibanasistencia.com\/wp-content\/uploads\/2020\/02\/EXTRUSION-Y-MOLDEO-238x300.jpg 238w, https:\/\/www.sibanasistencia.com\/wp-content\/uploads\/2020\/02\/EXTRUSION-Y-MOLDEO-1220x1536.jpg 1220w, https:\/\/www.sibanasistencia.com\/wp-content\/uploads\/2020\/02\/EXTRUSION-Y-MOLDEO-1626x2048.jpg 1626w, https:\/\/www.sibanasistencia.com\/wp-content\/uploads\/2020\/02\/EXTRUSION-Y-MOLDEO-600x756.jpg 600w, https:\/\/www.sibanasistencia.com\/wp-content\/uploads\/2020\/02\/EXTRUSION-Y-MOLDEO-scaled.jpg 2033w\" sizes=\"(max-width: 813px) 100vw, 813px\" \/><\/a><\/div><h2 class=\"w-post-elm post_title usg_post_title_1 entry-title color_link_inherit\"><a href=\"https:\/\/www.sibanasistencia.com\/en\/portfolio\/extrusion-y-moldeo\/\">Extrusion and shaping<\/a><\/h2>\t\t<\/div>\r\n\t\t\t<\/article>\r\n\t<article class=\"w-grid-item size_1x1 post-11713 us_portfolio type-us_portfolio status-publish has-post-thumbnail hentry us_portfolio_category-rubber-wall-en\" data-id=\"11713\">\r\n\t\t<div class=\"w-grid-item-h\">\r\n\t\t\t\t\t\t\t<a href=\"https:\/\/www.sibanasistencia.com\/en\/portfolio\/rubber-wall\/\" class=\"w-grid-item-anchor\" aria-label=\"Rubber Wall\"><\/a>\r\n\t\t\t\t\t\t<div class=\"w-post-elm post_image usg_post_image_1 stretched\"><a href=\"https:\/\/www.sibanasistencia.com\/en\/portfolio\/rubber-wall\/\" aria-label=\"Rubber Wall\"><img loading=\"lazy\" decoding=\"async\" width=\"1010\" height=\"630\" src=\"https:\/\/www.sibanasistencia.com\/wp-content\/uploads\/2020\/02\/RUBBER-WALL.jpg\" class=\"attachment-large size-large wp-post-image\" alt=\"\" srcset=\"https:\/\/www.sibanasistencia.com\/wp-content\/uploads\/2020\/02\/RUBBER-WALL.jpg 1010w, https:\/\/www.sibanasistencia.com\/wp-content\/uploads\/2020\/02\/RUBBER-WALL-300x187.jpg 300w, https:\/\/www.sibanasistencia.com\/wp-content\/uploads\/2020\/02\/RUBBER-WALL-600x374.jpg 600w\" sizes=\"(max-width: 1010px) 100vw, 1010px\" \/><\/a><\/div><h2 class=\"w-post-elm post_title usg_post_title_1 entry-title color_link_inherit\"><a href=\"https:\/\/www.sibanasistencia.com\/en\/portfolio\/rubber-wall\/\">Rubber Wall<\/a><\/h2>\t\t<\/div>\r\n\t\t\t<\/article>\r\n\t<article class=\"w-grid-item size_1x1 post-11690 us_portfolio type-us_portfolio status-publish has-post-thumbnail hentry us_portfolio_category-titan-clamp-en\" data-id=\"11690\">\r\n\t\t<div class=\"w-grid-item-h\">\r\n\t\t\t\t\t\t\t<a href=\"https:\/\/www.sibanasistencia.com\/en\/portfolio\/titan-clamp\/\" class=\"w-grid-item-anchor\" aria-label=\"Titan Clamp\"><\/a>\r\n\t\t\t\t\t\t<div class=\"w-post-elm post_image usg_post_image_1 stretched\"><a href=\"https:\/\/www.sibanasistencia.com\/en\/portfolio\/titan-clamp\/\" aria-label=\"Titan Clamp\"><img loading=\"lazy\" decoding=\"async\" width=\"1024\" height=\"768\" src=\"https:\/\/www.sibanasistencia.com\/wp-content\/uploads\/2020\/02\/TITAMCLAMP2-1024x768.jpg\" class=\"attachment-large size-large wp-post-image\" alt=\"\" srcset=\"https:\/\/www.sibanasistencia.com\/wp-content\/uploads\/2020\/02\/TITAMCLAMP2-1024x768.jpg 1024w, https:\/\/www.sibanasistencia.com\/wp-content\/uploads\/2020\/02\/TITAMCLAMP2-300x225.jpg 300w, https:\/\/www.sibanasistencia.com\/wp-content\/uploads\/2020\/02\/TITAMCLAMP2-1536x1152.jpg 1536w, https:\/\/www.sibanasistencia.com\/wp-content\/uploads\/2020\/02\/TITAMCLAMP2-600x450.jpg 600w, https:\/\/www.sibanasistencia.com\/wp-content\/uploads\/2020\/02\/TITAMCLAMP2.jpg 1600w\" sizes=\"(max-width: 1024px) 100vw, 1024px\" \/><\/a><\/div><h2 class=\"w-post-elm post_title usg_post_title_1 entry-title color_link_inherit\"><a href=\"https:\/\/www.sibanasistencia.com\/en\/portfolio\/titan-clamp\/\">Titan Clamp<\/a><\/h2>\t\t<\/div>\r\n\t\t\t<\/article>\r\n<\/div><div class=\"w-grid-preloader\">\t<div class=\"g-preloader type_1\">\r\n\t\t<div><\/div>\r\n\t<\/div>\r\n\t<\/div>\t<div class=\"w-grid-json hidden\" onclick='return {&quot;action&quot;:&quot;us_ajax_grid&quot;,&quot;infinite_scroll&quot;:0,&quot;max_num_pages&quot;:1,&quot;pagination&quot;:&quot;none&quot;,&quot;template_vars&quot;:{&quot;columns&quot;:&quot;3&quot;,&quot;exclude_items&quot;:&quot;none&quot;,&quot;img_size&quot;:&quot;default&quot;,&quot;ignore_items_size&quot;:0,&quot;items_layout&quot;:&quot;12451&quot;,&quot;items_offset&quot;:&quot;1&quot;,&quot;load_animation&quot;:&quot;none&quot;,&quot;overriding_link&quot;:&quot;%7B%22type%22%3A%22post%22%7D&quot;,&quot;post_id&quot;:0,&quot;query_args&quot;:{&quot;ignore_sticky_posts&quot;:1,&quot;post_type&quot;:&quot;any&quot;,&quot;post__in&quot;:[&quot;11672&quot;,&quot;11676&quot;,&quot;11962&quot;,&quot;11960&quot;,&quot;11746&quot;,&quot;11717&quot;,&quot;11694&quot;,&quot;8296&quot;,&quot;8307&quot;],&quot;posts_per_page&quot;:&quot;10&quot;},&quot;orderby_query_args&quot;:{&quot;orderby&quot;:{&quot;post__in&quot;:&quot;ASC&quot;},&quot;order&quot;:&quot;ASC&quot;},&quot;type&quot;:&quot;grid&quot;,&quot;us_grid_post_type&quot;:&quot;ids&quot;,&quot;us_grid_ajax_index&quot;:1,&quot;us_grid_filter_query_string&quot;:null,&quot;us_grid_index&quot;:1,&quot;page_args&quot;:[],&quot;lang&quot;:&quot;en&quot;}}'><\/div>\r\n\t<\/div><\/div><\/div><\/div><\/div><\/div><\/section>\n","protected":false},"excerpt":{"rendered":"El exclusivo\u00a0 dise\u00f1o de Titan Clamp est\u00e1 creado para un agarre m\u00e1ximo que supera con creces todas las soluciones de la competencia. Para transportarlo y montarlo, los tornillos no tienen que ser retirados de la pinza, lo cual minimiza los da\u00f1os y p\u00e9rdidas. Titan Clamp ofrece una sujeci\u00f3n excepcional para todo tipo de servicios de...","protected":false},"author":1,"featured_media":0,"parent":0,"menu_order":0,"comment_status":"closed","ping_status":"closed","template":"","meta":{"footnotes":""},"class_list":["post-11575","page","type-page","status-publish","hentry"],"yoast_head":"<!-- This site is optimized with the Yoast SEO plugin v23.4 - https:\/\/yoast.com\/wordpress\/plugins\/seo\/ -->\n<title>Products - Siban Asistencia Industrial<\/title>\n<meta name=\"description\" content=\"Reparaci\u00f3n y Mantenimiento de bandas transportadoras, PVC, caucho, perfiles. Fabricaci\u00f3n de bandas elevadoras. Planchas de goma. Rubber Wall.\" \/>\n<meta name=\"robots\" content=\"index, follow, max-snippet:-1, max-image-preview:large, max-video-preview:-1\" \/>\n<link rel=\"canonical\" href=\"https:\/\/www.sibanasistencia.com\/productos\/\" \/>\n<meta property=\"og:locale\" content=\"en_US\" \/>\n<meta property=\"og:type\" content=\"article\" \/>\n<meta property=\"og:title\" content=\"Products - Siban Asistencia Industrial\" \/>\n<meta property=\"og:description\" content=\"Reparaci\u00f3n y Mantenimiento de bandas transportadoras, PVC, caucho, perfiles. Fabricaci\u00f3n de bandas elevadoras. Planchas de goma. Rubber Wall.\" \/>\n<meta property=\"og:url\" content=\"https:\/\/www.sibanasistencia.com\/productos\/\" \/>\n<meta property=\"og:site_name\" content=\"Siban Asistencia Industrial\" \/>\n<meta property=\"article:modified_time\" content=\"2020-06-16T10:44:56+00:00\" \/>\n<meta name=\"twitter:card\" content=\"summary_large_image\" \/>\n<script type=\"application\/ld+json\" class=\"yoast-schema-graph\">{\"@context\":\"https:\/\/schema.org\",\"@graph\":[{\"@type\":\"WebPage\",\"@id\":\"https:\/\/www.sibanasistencia.com\/productos\/\",\"url\":\"https:\/\/www.sibanasistencia.com\/productos\/\",\"name\":\"Products - Siban Asistencia Industrial\",\"isPartOf\":{\"@id\":\"https:\/\/www.sibanasistencia.com\/#website\"},\"datePublished\":\"2019-11-28T12:22:17+00:00\",\"dateModified\":\"2020-06-16T10:44:56+00:00\",\"description\":\"Reparaci\u00f3n y Mantenimiento de bandas transportadoras, PVC, caucho, perfiles. Fabricaci\u00f3n de bandas elevadoras. Planchas de goma. Rubber Wall.\",\"breadcrumb\":{\"@id\":\"https:\/\/www.sibanasistencia.com\/productos\/#breadcrumb\"},\"inLanguage\":\"en-US\",\"potentialAction\":[{\"@type\":\"ReadAction\",\"target\":[\"https:\/\/www.sibanasistencia.com\/productos\/\"]}]},{\"@type\":\"BreadcrumbList\",\"@id\":\"https:\/\/www.sibanasistencia.com\/productos\/#breadcrumb\",\"itemListElement\":[{\"@type\":\"ListItem\",\"position\":1,\"name\":\"Portada\",\"item\":\"https:\/\/www.sibanasistencia.com\/en\/\"},{\"@type\":\"ListItem\",\"position\":2,\"name\":\"Products\"}]},{\"@type\":\"WebSite\",\"@id\":\"https:\/\/www.sibanasistencia.com\/#website\",\"url\":\"https:\/\/www.sibanasistencia.com\/\",\"name\":\"Siban Asistencia Industrial\",\"description\":\"Montaje y reparaci\u00f3n de bandas transportadoras\",\"potentialAction\":[{\"@type\":\"SearchAction\",\"target\":{\"@type\":\"EntryPoint\",\"urlTemplate\":\"https:\/\/www.sibanasistencia.com\/?s={search_term_string}\"},\"query-input\":{\"@type\":\"PropertyValueSpecification\",\"valueRequired\":true,\"valueName\":\"search_term_string\"}}],\"inLanguage\":\"en-US\"}]}<\/script>\n<!-- \/ Yoast SEO plugin. -->","yoast_head_json":{"title":"Products - Siban Asistencia Industrial","description":"Reparaci\u00f3n y Mantenimiento de bandas transportadoras, PVC, caucho, perfiles. Fabricaci\u00f3n de bandas elevadoras. Planchas de goma. Rubber Wall.","robots":{"index":"index","follow":"follow","max-snippet":"max-snippet:-1","max-image-preview":"max-image-preview:large","max-video-preview":"max-video-preview:-1"},"canonical":"https:\/\/www.sibanasistencia.com\/productos\/","og_locale":"en_US","og_type":"article","og_title":"Products - Siban Asistencia Industrial","og_description":"Reparaci\u00f3n y Mantenimiento de bandas transportadoras, PVC, caucho, perfiles. Fabricaci\u00f3n de bandas elevadoras. Planchas de goma. Rubber Wall.","og_url":"https:\/\/www.sibanasistencia.com\/productos\/","og_site_name":"Siban Asistencia Industrial","article_modified_time":"2020-06-16T10:44:56+00:00","twitter_card":"summary_large_image","schema":{"@context":"https:\/\/schema.org","@graph":[{"@type":"WebPage","@id":"https:\/\/www.sibanasistencia.com\/productos\/","url":"https:\/\/www.sibanasistencia.com\/productos\/","name":"Products - Siban Asistencia Industrial","isPartOf":{"@id":"https:\/\/www.sibanasistencia.com\/#website"},"datePublished":"2019-11-28T12:22:17+00:00","dateModified":"2020-06-16T10:44:56+00:00","description":"Reparaci\u00f3n y Mantenimiento de bandas transportadoras, PVC, caucho, perfiles. Fabricaci\u00f3n de bandas elevadoras. Planchas de goma. Rubber Wall.","breadcrumb":{"@id":"https:\/\/www.sibanasistencia.com\/productos\/#breadcrumb"},"inLanguage":"en-US","potentialAction":[{"@type":"ReadAction","target":["https:\/\/www.sibanasistencia.com\/productos\/"]}]},{"@type":"BreadcrumbList","@id":"https:\/\/www.sibanasistencia.com\/productos\/#breadcrumb","itemListElement":[{"@type":"ListItem","position":1,"name":"Portada","item":"https:\/\/www.sibanasistencia.com\/en\/"},{"@type":"ListItem","position":2,"name":"Products"}]},{"@type":"WebSite","@id":"https:\/\/www.sibanasistencia.com\/#website","url":"https:\/\/www.sibanasistencia.com\/","name":"Siban Asistencia Industrial","description":"Montaje y reparaci\u00f3n de bandas transportadoras","potentialAction":[{"@type":"SearchAction","target":{"@type":"EntryPoint","urlTemplate":"https:\/\/www.sibanasistencia.com\/?s={search_term_string}"},"query-input":{"@type":"PropertyValueSpecification","valueRequired":true,"valueName":"search_term_string"}}],"inLanguage":"en-US"}]}},"_links":{"self":[{"href":"https:\/\/www.sibanasistencia.com\/en\/wp-json\/wp\/v2\/pages\/11575"}],"collection":[{"href":"https:\/\/www.sibanasistencia.com\/en\/wp-json\/wp\/v2\/pages"}],"about":[{"href":"https:\/\/www.sibanasistencia.com\/en\/wp-json\/wp\/v2\/types\/page"}],"author":[{"embeddable":true,"href":"https:\/\/www.sibanasistencia.com\/en\/wp-json\/wp\/v2\/users\/1"}],"replies":[{"embeddable":true,"href":"https:\/\/www.sibanasistencia.com\/en\/wp-json\/wp\/v2\/comments?post=11575"}],"version-history":[{"count":4,"href":"https:\/\/www.sibanasistencia.com\/en\/wp-json\/wp\/v2\/pages\/11575\/revisions"}],"predecessor-version":[{"id":12455,"href":"https:\/\/www.sibanasistencia.com\/en\/wp-json\/wp\/v2\/pages\/11575\/revisions\/12455"}],"wp:attachment":[{"href":"https:\/\/www.sibanasistencia.com\/en\/wp-json\/wp\/v2\/media?parent=11575"}],"curies":[{"name":"wp","href":"https:\/\/api.w.org\/{rel}","templated":true}]}}