{"id":11988,"date":"2014-01-20T10:54:15","date_gmt":"2014-01-20T10:54:15","guid":{"rendered":"https:\/\/www.sibanasistencia.com\/shop\/"},"modified":"2024-07-01T12:34:34","modified_gmt":"2024-07-01T10:34:34","slug":"shop","status":"publish","type":"page","link":"https:\/\/www.sibanasistencia.com\/en\/shop\/","title":{"rendered":"Catalogues"},"content":{"rendered":"<section class=\"l-section wpb_row height_large color_primary with_img parallax_hor bgwidth_120\"><div class=\"l-section-img\" role=\"img\" data-img-width=\"1900\" data-img-height=\"1264\" style=\"background-image: url(https:\/\/www.sibanasistencia.com\/wp-content\/uploads\/2019\/11\/P2-Siban2013-210.jpg);\"><\/div><div class=\"l-section-overlay\" style=\"background:rgba(2,2,2,0.67)\"><\/div><div class=\"l-section-h i-cf\"><div class=\"g-cols vc_row via_flex valign_top type_default stacking_default\"><div class=\"vc_col-sm-12 wpb_column vc_column_container\"><div class=\"vc_column-inner\"><div class=\"wpb_wrapper\">[vc_custom_heading text=&#8221;<strong>Corporative catalogues<\/strong>&#8221; font_container=&#8221;tag:h1|font_size:60|text_align:center&#8221; use_theme_fonts=&#8221;yes&#8221; css=&#8221;%7B%22default%22%3A%7B%22font-size%22%3A%2260%22%7D%7D&#8221;]<div class=\"w-iconbox iconpos_top style_default color_custom align_center no_text no_title\"><a href=\"#intro\" class=\"w-iconbox-link\" aria-label=\"far|chevron-down\"><div class=\"w-iconbox-icon\" style=\"font-size:2rem;--icon-color:#ffffff;\"><i class=\"far fa-chevron-down\"><\/i><\/div><\/a><div class=\"w-iconbox-meta\"><\/div><\/div><div class=\"w-separator size_medium\"><\/div><\/div><\/div><\/div><\/div><\/div><\/section><section class=\"l-section wpb_row height_auto\"><div class=\"l-section-h i-cf\"><div class=\"g-cols vc_row via_flex valign_top type_default stacking_default\"><div class=\"vc_col-sm-12 wpb_column vc_column_container\"><div class=\"vc_column-inner\"><div class=\"wpb_wrapper\"><div class=\"w-separator size_huge\"><\/div><\/div><\/div><\/div><\/div><\/div><\/section><section class=\"l-section wpb_row height_auto\"><div class=\"l-section-h i-cf\"><div class=\"g-cols vc_row via_flex valign_top type_default stacking_default\"><div class=\"vc_col-sm-4 wpb_column vc_column_container\"><div class=\"vc_column-inner\"><div class=\"wpb_wrapper\"><div class=\"w-image align_center\"><a target=\" _blank\" rel=\"nofollow\" href=\"http:\/\/www.sibanasistencia.com\/wp-content\/uploads\/2019\/12\/CAT\u00fcLOGO-BANDAS-BELTSIFLEX.pdf\" aria-label=\"1\" class=\"w-image-h\"><img decoding=\"async\" width=\"214\" height=\"300\" src=\"https:\/\/www.sibanasistencia.com\/wp-content\/uploads\/2020\/06\/1-214x300.png\" class=\"attachment-medium size-medium\" alt=\"\" loading=\"lazy\" srcset=\"https:\/\/www.sibanasistencia.com\/wp-content\/uploads\/2020\/06\/1-214x300.png 214w, https:\/\/www.sibanasistencia.com\/wp-content\/uploads\/2020\/06\/1.png 600w\" sizes=\"(max-width: 214px) 100vw, 214px\" \/><\/a><\/div><div class=\"w-separator size_small\"><\/div><div class=\"wpb_text_column\"><div class=\"wpb_wrapper\"><p style=\"text-align: center;\"><a href=\"https:\/\/www.sibanasistencia.com\/wp-content\/uploads\/2019\/12\/CAT\u00fcLOGO-BANDAS-BELTSIFLEX.pdf\" target=\"_blank\" rel=\"noopener noreferrer\">BANDAS BELTSIFLEX<\/a><\/p>\n<\/div><\/div><\/div><\/div><\/div><div class=\"vc_col-sm-4 wpb_column vc_column_container\"><div class=\"vc_column-inner\"><div class=\"wpb_wrapper\"><div class=\"w-image align_center\"><a target=\" _blank\" rel=\"nofollow\" href=\"http:\/\/www.sibanasistencia.com\/wp-content\/uploads\/2019\/12\/CAT\u00fcLOGO-EXCELINE.pdf\" aria-label=\"2\" class=\"w-image-h\"><img decoding=\"async\" width=\"210\" height=\"300\" src=\"https:\/\/www.sibanasistencia.com\/wp-content\/uploads\/2020\/06\/2-210x300.png\" class=\"attachment-medium size-medium\" alt=\"\" loading=\"lazy\" srcset=\"https:\/\/www.sibanasistencia.com\/wp-content\/uploads\/2020\/06\/2-210x300.png 210w, https:\/\/www.sibanasistencia.com\/wp-content\/uploads\/2020\/06\/2.png 600w\" sizes=\"(max-width: 210px) 100vw, 210px\" \/><\/a><\/div><div class=\"w-separator size_small\"><\/div><div class=\"wpb_text_column\"><div class=\"wpb_wrapper\"><p style=\"text-align: center;\"><a href=\"https:\/\/www.sibanasistencia.com\/wp-content\/uploads\/2019\/12\/CAT\u00fcLOGO-EXCELINE.pdf\" target=\"_blank\" rel=\"noopener noreferrer\">EXCELINE<\/a><\/p>\n<\/div><\/div><\/div><\/div><\/div><div class=\"vc_col-sm-4 wpb_column vc_column_container\"><div class=\"vc_column-inner\"><div class=\"wpb_wrapper\"><div class=\"w-image align_center\"><a target=\" _blank\" rel=\"nofollow\" href=\"http:\/\/www.sibanasistencia.com\/wp-content\/uploads\/2019\/12\/CAT\u00fcLOGO-ROUND-BALER.pdf\" aria-label=\"3\" class=\"w-image-h\"><img decoding=\"async\" width=\"217\" height=\"300\" src=\"https:\/\/www.sibanasistencia.com\/wp-content\/uploads\/2020\/06\/3-217x300.png\" class=\"attachment-medium size-medium\" alt=\"\" loading=\"lazy\" srcset=\"https:\/\/www.sibanasistencia.com\/wp-content\/uploads\/2020\/06\/3-217x300.png 217w, https:\/\/www.sibanasistencia.com\/wp-content\/uploads\/2020\/06\/3.png 600w\" sizes=\"(max-width: 217px) 100vw, 217px\" \/><\/a><\/div><div class=\"w-separator size_small\"><\/div><div class=\"wpb_text_column\"><div class=\"wpb_wrapper\"><p style=\"text-align: center;\"><a href=\"https:\/\/www.sibanasistencia.com\/wp-content\/uploads\/2019\/12\/CAT\u00fcLOGO-ROUND-BALER.pdf\">ROUND BALER<\/a><\/p>\n<\/div><\/div><\/div><\/div><\/div><\/div><\/div><\/section><section class=\"l-section wpb_row height_auto\"><div class=\"l-section-h i-cf\"><div class=\"g-cols vc_row via_flex valign_top type_default stacking_default\"><div class=\"vc_col-sm-4 wpb_column vc_column_container\"><div class=\"vc_column-inner\"><div class=\"wpb_wrapper\"><div class=\"w-separator size_large\"><\/div><div class=\"w-image align_center\"><a target=\" _blank\" rel=\"nofollow\" href=\"http:\/\/www.sibanasistencia.com\/wp-content\/uploads\/2019\/12\/CATALOGO-BANDABORD.pdf\" aria-label=\"catalo4\" class=\"w-image-h\"><img decoding=\"async\" width=\"213\" height=\"300\" src=\"https:\/\/www.sibanasistencia.com\/wp-content\/uploads\/2019\/12\/catalo4-213x300.png\" class=\"attachment-medium size-medium\" alt=\"\" loading=\"lazy\" srcset=\"https:\/\/www.sibanasistencia.com\/wp-content\/uploads\/2019\/12\/catalo4-213x300.png 213w, https:\/\/www.sibanasistencia.com\/wp-content\/uploads\/2019\/12\/catalo4-600x846.png 600w, https:\/\/www.sibanasistencia.com\/wp-content\/uploads\/2019\/12\/catalo4.png 650w\" sizes=\"(max-width: 213px) 100vw, 213px\" \/><\/a><\/div><div class=\"w-separator size_small\"><\/div><div class=\"wpb_text_column\"><div class=\"wpb_wrapper\"><p style=\"text-align: center;\"><a href=\"https:\/\/www.sibanasistencia.com\/wp-content\/uploads\/2019\/12\/CATALOGO-BANDABORD.pdf\" target=\"_blank\" rel=\"noopener noreferrer\">BANDABORD<\/a><\/p>\n<\/div><\/div><\/div><\/div><\/div><div class=\"vc_col-sm-4 wpb_column vc_column_container\"><div class=\"vc_column-inner\"><div class=\"wpb_wrapper\"><div class=\"w-separator size_large\"><\/div><div class=\"w-image align_center\"><a target=\" _blank\" rel=\"nofollow\" href=\"http:\/\/www.sibanasistencia.com\/wp-content\/uploads\/2019\/12\/CATALOGO-DE-ACCESORIOS-1.pdf\" aria-label=\"5\" class=\"w-image-h\"><img decoding=\"async\" width=\"213\" height=\"300\" src=\"https:\/\/www.sibanasistencia.com\/wp-content\/uploads\/2020\/06\/5-213x300.png\" class=\"attachment-medium size-medium\" alt=\"\" loading=\"lazy\" srcset=\"https:\/\/www.sibanasistencia.com\/wp-content\/uploads\/2020\/06\/5-213x300.png 213w, https:\/\/www.sibanasistencia.com\/wp-content\/uploads\/2020\/06\/5.png 600w\" sizes=\"(max-width: 213px) 100vw, 213px\" \/><\/a><\/div><div class=\"w-separator size_small\"><\/div><div class=\"wpb_text_column\"><div class=\"wpb_wrapper\"><p style=\"text-align: center;\"><a href=\"https:\/\/www.sibanasistencia.com\/wp-content\/uploads\/2019\/12\/CATALOGO-DE-ACCESORIOS-1.pdf\" target=\"_blank\" rel=\"noopener noreferrer\">ACCESORIOS<\/a><\/p>\n<\/div><\/div><\/div><\/div><\/div><div class=\"vc_col-sm-4 wpb_column vc_column_container\"><div class=\"vc_column-inner\"><div class=\"wpb_wrapper\"><div class=\"w-separator size_large\"><\/div><div class=\"w-image align_center\"><a target=\" _blank\" rel=\"nofollow\" href=\"http:\/\/www.sibanasistencia.com\/wp-content\/uploads\/2019\/12\/CATALOGO-DE-EMPRESA.pdf\" aria-label=\"6\" class=\"w-image-h\"><img decoding=\"async\" width=\"213\" height=\"300\" src=\"https:\/\/www.sibanasistencia.com\/wp-content\/uploads\/2020\/06\/6-213x300.png\" class=\"attachment-medium size-medium\" alt=\"\" loading=\"lazy\" srcset=\"https:\/\/www.sibanasistencia.com\/wp-content\/uploads\/2020\/06\/6-213x300.png 213w, https:\/\/www.sibanasistencia.com\/wp-content\/uploads\/2020\/06\/6.png 600w\" sizes=\"(max-width: 213px) 100vw, 213px\" \/><\/a><\/div><div class=\"w-separator size_small\"><\/div><div class=\"wpb_text_column\"><div class=\"wpb_wrapper\"><p style=\"text-align: center;\"><a href=\"https:\/\/www.sibanasistencia.com\/wp-content\/uploads\/2019\/12\/CATALOGO-DE-EMPRESA.pdf\" target=\"_blank\" rel=\"noopener noreferrer\">EMPRESA<\/a><\/p>\n<\/div><\/div><\/div><\/div><\/div><\/div><\/div><\/section><section class=\"l-section wpb_row height_auto\"><div class=\"l-section-h i-cf\"><div class=\"g-cols vc_row via_flex valign_top type_default stacking_default\"><div class=\"vc_col-sm-4 wpb_column vc_column_container\"><div class=\"vc_column-inner\"><div class=\"wpb_wrapper\"><div class=\"w-separator size_large\"><\/div><div class=\"w-image align_center\"><a target=\" _blank\" rel=\"nofollow\" href=\"http:\/\/www.sibanasistencia.com\/wp-content\/uploads\/2020\/02\/Beltsiflex-RUBBERWALL.pdf\" aria-label=\"7\" class=\"w-image-h\"><img decoding=\"async\" width=\"212\" height=\"300\" src=\"https:\/\/www.sibanasistencia.com\/wp-content\/uploads\/2020\/06\/7.jpg\" class=\"attachment-medium size-medium\" alt=\"\" loading=\"lazy\" \/><\/a><\/div><div class=\"w-separator size_small\"><\/div><div class=\"wpb_text_column\"><div class=\"wpb_wrapper\"><p style=\"text-align: center;\"><a href=\"https:\/\/www.sibanasistencia.com\/wp-content\/uploads\/2020\/02\/Beltsiflex-RUBBERWALL.pdf\" target=\"_blank\" rel=\"noopener noreferrer\">RUBBERWALL<\/a><\/p>\n<\/div><\/div><div class=\"w-separator size_large\"><\/div><\/div><\/div><\/div><div class=\"vc_col-sm-4 wpb_column vc_column_container\"><div class=\"vc_column-inner\"><div class=\"wpb_wrapper\"><div class=\"w-separator size_large\"><\/div><div class=\"w-image align_center\"><a target=\" _blank\" rel=\"nofollow\" href=\"http:\/\/www.sibanasistencia.com\/wp-content\/uploads\/2020\/02\/Beltsiflex-SRC-35-2020-ES-2-caras.pdf\" aria-label=\"8\" class=\"w-image-h\"><img decoding=\"async\" width=\"212\" height=\"300\" src=\"https:\/\/www.sibanasistencia.com\/wp-content\/uploads\/2020\/06\/8-1-212x300.png\" class=\"attachment-medium size-medium\" alt=\"\" loading=\"lazy\" srcset=\"https:\/\/www.sibanasistencia.com\/wp-content\/uploads\/2020\/06\/8-1-212x300.png 212w, https:\/\/www.sibanasistencia.com\/wp-content\/uploads\/2020\/06\/8-1.png 600w\" sizes=\"(max-width: 212px) 100vw, 212px\" \/><\/a><\/div><div class=\"w-separator size_small\"><\/div><div class=\"wpb_text_column\"><div class=\"wpb_wrapper\"><p style=\"text-align: center;\"><a href=\"https:\/\/www.sibanasistencia.com\/wp-content\/uploads\/2020\/02\/Beltsiflex-SRC-35-2020-ES-2-caras.pdf\" target=\"_blank\" rel=\"noopener noreferrer\">BELTSIFLEX SRC-35<\/a><\/p>\n<\/div><\/div><div class=\"w-separator size_large\"><\/div><\/div><\/div><\/div><div class=\"vc_col-sm-4 wpb_column vc_column_container\"><div class=\"vc_column-inner\"><div class=\"wpb_wrapper\"><div class=\"w-separator size_large\"><\/div><div class=\"w-image align_center\"><a target=\" _blank\" rel=\"nofollow\" href=\"http:\/\/www.sibanasistencia.com\/wp-content\/uploads\/2020\/02\/Beltsiflex-Titan-Clamps-1\u00ba-cara.pdf\" aria-label=\"9\" class=\"w-image-h\"><img decoding=\"async\" width=\"212\" height=\"300\" src=\"https:\/\/www.sibanasistencia.com\/wp-content\/uploads\/2020\/06\/9-212x300.png\" class=\"attachment-medium size-medium\" alt=\"\" loading=\"lazy\" srcset=\"https:\/\/www.sibanasistencia.com\/wp-content\/uploads\/2020\/06\/9-212x300.png 212w, https:\/\/www.sibanasistencia.com\/wp-content\/uploads\/2020\/06\/9.png 600w\" sizes=\"(max-width: 212px) 100vw, 212px\" \/><\/a><\/div><div class=\"w-separator size_small\"><\/div><div class=\"wpb_text_column\"><div class=\"wpb_wrapper\"><p style=\"text-align: center;\"><a href=\"https:\/\/www.sibanasistencia.com\/wp-content\/uploads\/2020\/02\/Beltsiflex-Titan-Clamps-1\u00ba-cara.pdf\" target=\"_blank\" rel=\"noopener noreferrer\">BELTSIFLEX TITAN CLAMPS<\/a><\/p>\n<\/div><\/div><div class=\"w-separator size_large\"><\/div><\/div><\/div><\/div><\/div><\/div><\/section><section class=\"l-section wpb_row height_auto\"><div class=\"l-section-h i-cf\"><div class=\"g-cols vc_row via_flex valign_top type_default stacking_default\"><div class=\"vc_col-sm-4 wpb_column vc_column_container\"><div class=\"vc_column-inner\"><div class=\"wpb_wrapper\"><div class=\"w-separator size_large\"><\/div><div class=\"w-image align_center\"><a target=\" _blank\" rel=\"nofollow\" href=\"http:\/\/www.sibanasistencia.com\/wp-content\/uploads\/2020\/02\/Banda-Autocentrante-2020-ES-2-caras-1.pdf\" aria-label=\"10\" class=\"w-image-h\"><img decoding=\"async\" width=\"212\" height=\"300\" src=\"https:\/\/www.sibanasistencia.com\/wp-content\/uploads\/2020\/06\/10-1-212x300.png\" class=\"attachment-medium size-medium\" alt=\"\" loading=\"lazy\" srcset=\"https:\/\/www.sibanasistencia.com\/wp-content\/uploads\/2020\/06\/10-1-212x300.png 212w, https:\/\/www.sibanasistencia.com\/wp-content\/uploads\/2020\/06\/10-1.png 600w\" sizes=\"(max-width: 212px) 100vw, 212px\" \/><\/a><\/div><div class=\"w-separator size_small\"><\/div><div class=\"wpb_text_column\"><div class=\"wpb_wrapper\"><p style=\"text-align: center;\"><a href=\"https:\/\/www.sibanasistencia.com\/wp-content\/uploads\/2020\/02\/Banda-Autocentrante-2020-ES-2-caras-1.pdf\" target=\"_blank\" rel=\"noopener noreferrer\">BELTSIFLEX BANDAS AUTOCENTRANTES<\/a><\/p>\n<\/div><\/div><div class=\"w-separator size_large\"><\/div><\/div><\/div><\/div><div class=\"vc_col-sm-4 wpb_column vc_column_container\"><div class=\"vc_column-inner\"><div class=\"wpb_wrapper\"><div class=\"w-separator size_large\"><\/div><div class=\"w-image align_center\"><a target=\" _blank\" rel=\"nofollow\" href=\"http:\/\/www.sibanasistencia.com\/wp-content\/uploads\/2020\/02\/Beltsiflex-Cushion-Belt-2020-ES-2-caras.pdf\" aria-label=\"11\" class=\"w-image-h\"><img decoding=\"async\" width=\"212\" height=\"300\" src=\"https:\/\/www.sibanasistencia.com\/wp-content\/uploads\/2020\/06\/11-212x300.png\" class=\"attachment-medium size-medium\" alt=\"\" loading=\"lazy\" srcset=\"https:\/\/www.sibanasistencia.com\/wp-content\/uploads\/2020\/06\/11-212x300.png 212w, https:\/\/www.sibanasistencia.com\/wp-content\/uploads\/2020\/06\/11.png 600w\" sizes=\"(max-width: 212px) 100vw, 212px\" \/><\/a><\/div><div class=\"w-separator size_small\"><\/div><div class=\"wpb_text_column\"><div class=\"wpb_wrapper\"><p style=\"text-align: center;\"><a href=\"https:\/\/www.sibanasistencia.com\/wp-content\/uploads\/2020\/02\/Beltsiflex-Cushion-Belt-2020-ES-2-caras.pdf\" target=\"_blank\" rel=\"noopener noreferrer\">BELTSIFLEX CUSHION BELT<\/a><\/p>\n<\/div><\/div><div class=\"w-separator size_large\"><\/div><\/div><\/div><\/div><div class=\"vc_col-sm-4 wpb_column vc_column_container\"><div class=\"vc_column-inner\"><div class=\"wpb_wrapper\"><\/div><\/div><\/div><\/div><\/div><\/section><div class=\"vc_col-sm-12 wpb_column vc_column_container\"><div class=\"vc_column-inner\"><div class=\"wpb_wrapper\"><\/div><\/div><\/div><div class=\"vc_col-sm-12 vc_col-md-offset-3 vc_col-md-6 wpb_column vc_column_container\"><div class=\"vc_column-inner\"><div class=\"wpb_wrapper\"><\/div><\/div><\/div>\n","protected":false},"excerpt":{"rendered":"[vc_custom_heading text=\"Corporative catalogues\" font_container=\"tag:h1|font_size:60|text_align:center\" use_theme_fonts=\"yes\" css=\"%7B%22default%22%3A%7B%22font-size%22%3A%2260%22%7D%7D\"]BANDAS BELTSIFLEX EXCELINE ROUND BALER BANDABORD ACCESORIOS EMPRESA RUBBERWALL BELTSIFLEX SRC-35 BELTSIFLEX TITAN CLAMPS BELTSIFLEX BANDAS AUTOCENTRANTES BELTSIFLEX CUSHION BELT","protected":false},"author":1,"featured_media":0,"parent":0,"menu_order":0,"comment_status":"closed","ping_status":"closed","template":"","meta":{"footnotes":""},"class_list":["post-11988","page","type-page","status-publish","hentry"],"yoast_head":"<!-- This site is optimized with the Yoast SEO plugin v23.4 - https:\/\/yoast.com\/wordpress\/plugins\/seo\/ -->\n<title>Catalogues - Siban Asistencia Industrial<\/title>\n<meta name=\"description\" content=\"Reparaci\u00f3n y Mantenimiento de bandas transportadoras, PVC, caucho, perfiles. Fabricaci\u00f3n de bandas elevadoras. Servicio de asistencia t\u00e9cnica.\" \/>\n<meta name=\"robots\" content=\"index, follow, max-snippet:-1, max-image-preview:large, max-video-preview:-1\" \/>\n<link rel=\"canonical\" href=\"https:\/\/www.sibanasistencia.com\/shop\/\" \/>\n<meta property=\"og:locale\" content=\"en_US\" \/>\n<meta property=\"og:type\" content=\"article\" \/>\n<meta property=\"og:title\" content=\"Catalogues - Siban Asistencia Industrial\" \/>\n<meta property=\"og:description\" content=\"Reparaci\u00f3n y Mantenimiento de bandas transportadoras, PVC, caucho, perfiles. Fabricaci\u00f3n de bandas elevadoras. Servicio de asistencia t\u00e9cnica.\" \/>\n<meta property=\"og:url\" content=\"https:\/\/www.sibanasistencia.com\/shop\/\" \/>\n<meta property=\"og:site_name\" content=\"Siban Asistencia Industrial\" \/>\n<meta property=\"article:modified_time\" content=\"2024-07-01T10:34:34+00:00\" \/>\n<meta name=\"twitter:card\" content=\"summary_large_image\" \/>\n<meta name=\"twitter:label1\" content=\"Est. reading time\" \/>\n\t<meta name=\"twitter:data1\" content=\"3 minutes\" \/>\n<script type=\"application\/ld+json\" class=\"yoast-schema-graph\">{\"@context\":\"https:\/\/schema.org\",\"@graph\":[{\"@type\":\"WebPage\",\"@id\":\"https:\/\/www.sibanasistencia.com\/shop\/\",\"url\":\"https:\/\/www.sibanasistencia.com\/shop\/\",\"name\":\"Catalogues - Siban Asistencia Industrial\",\"isPartOf\":{\"@id\":\"https:\/\/www.sibanasistencia.com\/#website\"},\"datePublished\":\"2014-01-20T10:54:15+00:00\",\"dateModified\":\"2024-07-01T10:34:34+00:00\",\"description\":\"Reparaci\u00f3n y Mantenimiento de bandas transportadoras, PVC, caucho, perfiles. Fabricaci\u00f3n de bandas elevadoras. Servicio de asistencia t\u00e9cnica.\",\"breadcrumb\":{\"@id\":\"https:\/\/www.sibanasistencia.com\/shop\/#breadcrumb\"},\"inLanguage\":\"en-US\",\"potentialAction\":[{\"@type\":\"ReadAction\",\"target\":[\"https:\/\/www.sibanasistencia.com\/shop\/\"]}]},{\"@type\":\"BreadcrumbList\",\"@id\":\"https:\/\/www.sibanasistencia.com\/shop\/#breadcrumb\",\"itemListElement\":[{\"@type\":\"ListItem\",\"position\":1,\"name\":\"Portada\",\"item\":\"https:\/\/www.sibanasistencia.com\/en\/\"},{\"@type\":\"ListItem\",\"position\":2,\"name\":\"Catalogues\"}]},{\"@type\":\"WebSite\",\"@id\":\"https:\/\/www.sibanasistencia.com\/#website\",\"url\":\"https:\/\/www.sibanasistencia.com\/\",\"name\":\"Siban Asistencia Industrial\",\"description\":\"Montaje y reparaci\u00f3n de bandas transportadoras\",\"potentialAction\":[{\"@type\":\"SearchAction\",\"target\":{\"@type\":\"EntryPoint\",\"urlTemplate\":\"https:\/\/www.sibanasistencia.com\/?s={search_term_string}\"},\"query-input\":{\"@type\":\"PropertyValueSpecification\",\"valueRequired\":true,\"valueName\":\"search_term_string\"}}],\"inLanguage\":\"en-US\"}]}<\/script>\n<!-- \/ Yoast SEO plugin. -->","yoast_head_json":{"title":"Catalogues - Siban Asistencia Industrial","description":"Reparaci\u00f3n y Mantenimiento de bandas transportadoras, PVC, caucho, perfiles. Fabricaci\u00f3n de bandas elevadoras. Servicio de asistencia t\u00e9cnica.","robots":{"index":"index","follow":"follow","max-snippet":"max-snippet:-1","max-image-preview":"max-image-preview:large","max-video-preview":"max-video-preview:-1"},"canonical":"https:\/\/www.sibanasistencia.com\/shop\/","og_locale":"en_US","og_type":"article","og_title":"Catalogues - Siban Asistencia Industrial","og_description":"Reparaci\u00f3n y Mantenimiento de bandas transportadoras, PVC, caucho, perfiles. Fabricaci\u00f3n de bandas elevadoras. Servicio de asistencia t\u00e9cnica.","og_url":"https:\/\/www.sibanasistencia.com\/shop\/","og_site_name":"Siban Asistencia Industrial","article_modified_time":"2024-07-01T10:34:34+00:00","twitter_card":"summary_large_image","twitter_misc":{"Est. reading time":"3 minutes"},"schema":{"@context":"https:\/\/schema.org","@graph":[{"@type":"WebPage","@id":"https:\/\/www.sibanasistencia.com\/shop\/","url":"https:\/\/www.sibanasistencia.com\/shop\/","name":"Catalogues - Siban Asistencia Industrial","isPartOf":{"@id":"https:\/\/www.sibanasistencia.com\/#website"},"datePublished":"2014-01-20T10:54:15+00:00","dateModified":"2024-07-01T10:34:34+00:00","description":"Reparaci\u00f3n y Mantenimiento de bandas transportadoras, PVC, caucho, perfiles. Fabricaci\u00f3n de bandas elevadoras. Servicio de asistencia t\u00e9cnica.","breadcrumb":{"@id":"https:\/\/www.sibanasistencia.com\/shop\/#breadcrumb"},"inLanguage":"en-US","potentialAction":[{"@type":"ReadAction","target":["https:\/\/www.sibanasistencia.com\/shop\/"]}]},{"@type":"BreadcrumbList","@id":"https:\/\/www.sibanasistencia.com\/shop\/#breadcrumb","itemListElement":[{"@type":"ListItem","position":1,"name":"Portada","item":"https:\/\/www.sibanasistencia.com\/en\/"},{"@type":"ListItem","position":2,"name":"Catalogues"}]},{"@type":"WebSite","@id":"https:\/\/www.sibanasistencia.com\/#website","url":"https:\/\/www.sibanasistencia.com\/","name":"Siban Asistencia Industrial","description":"Montaje y reparaci\u00f3n de bandas transportadoras","potentialAction":[{"@type":"SearchAction","target":{"@type":"EntryPoint","urlTemplate":"https:\/\/www.sibanasistencia.com\/?s={search_term_string}"},"query-input":{"@type":"PropertyValueSpecification","valueRequired":true,"valueName":"search_term_string"}}],"inLanguage":"en-US"}]}},"_links":{"self":[{"href":"https:\/\/www.sibanasistencia.com\/en\/wp-json\/wp\/v2\/pages\/11988"}],"collection":[{"href":"https:\/\/www.sibanasistencia.com\/en\/wp-json\/wp\/v2\/pages"}],"about":[{"href":"https:\/\/www.sibanasistencia.com\/en\/wp-json\/wp\/v2\/types\/page"}],"author":[{"embeddable":true,"href":"https:\/\/www.sibanasistencia.com\/en\/wp-json\/wp\/v2\/users\/1"}],"replies":[{"embeddable":true,"href":"https:\/\/www.sibanasistencia.com\/en\/wp-json\/wp\/v2\/comments?post=11988"}],"version-history":[{"count":6,"href":"https:\/\/www.sibanasistencia.com\/en\/wp-json\/wp\/v2\/pages\/11988\/revisions"}],"predecessor-version":[{"id":35794,"href":"https:\/\/www.sibanasistencia.com\/en\/wp-json\/wp\/v2\/pages\/11988\/revisions\/35794"}],"wp:attachment":[{"href":"https:\/\/www.sibanasistencia.com\/en\/wp-json\/wp\/v2\/media?parent=11988"}],"curies":[{"name":"wp","href":"https:\/\/api.w.org\/{rel}","templated":true}]}}