{"id":11995,"date":"2020-06-08T13:43:47","date_gmt":"2020-06-08T11:43:47","guid":{"rendered":"https:\/\/www.sibanasistencia.com\/contacto\/"},"modified":"2020-06-16T11:26:15","modified_gmt":"2020-06-16T09:26:15","slug":"contacto","status":"publish","type":"page","link":"https:\/\/www.sibanasistencia.com\/en\/contacto\/","title":{"rendered":"Contact"},"content":{"rendered":"<section class=\"l-section wpb_row height_large color_primary with_img parallax_hor bgwidth_130\"><div class=\"l-section-img\" role=\"img\" data-img-width=\"2000\" data-img-height=\"1333\" style=\"background-image: url(https:\/\/www.sibanasistencia.com\/wp-content\/uploads\/2020\/02\/chica-ordenador.jpg);\"><\/div><div class=\"l-section-overlay\" style=\"background:rgba(10,10,10,0.7)\"><\/div><div class=\"l-section-h i-cf\"><div class=\"g-cols vc_row via_flex valign_top type_default stacking_default\"><div class=\"vc_col-sm-12 wpb_column vc_column_container\"><div class=\"vc_column-inner\"><div class=\"wpb_wrapper\"><div class=\"wpb_text_column\"><div class=\"wpb_wrapper\"><h1 style=\"text-align: center;\">Contact us<\/h1>\n<h6 style=\"text-align: center;\">For any doubt or question&#8230; we are at your disposal.<\/h6>\n<\/div><\/div><div class=\"w-separator size_small\"><\/div><div class=\"w-iconbox iconpos_top style_default color_custom align_center no_text no_title\"><div class=\"w-iconbox-icon\" style=\"font-size:2rem;\"><i class=\"far fa-chevron-down\"><\/i><\/div><div class=\"w-iconbox-meta\"><\/div><\/div><\/div><\/div><\/div><\/div><\/div><\/section><section class=\"l-section wpb_row height_medium\"><div class=\"l-section-h i-cf\"><div class=\"g-cols vc_row via_flex valign_top type_default stacking_default\" style=\"--additional-gap:10px;\"><div class=\"vc_col-sm-6 wpb_column vc_column_container\"><div class=\"vc_column-inner\"><div class=\"wpb_wrapper\"><div class=\"w-iconbox iconpos_left style_circle color_primary align_left no_title\"><a href=\"mailto:asistenciapreventiva@siban.com\" class=\"w-iconbox-link\" aria-label=\"far|envelope\"><div class=\"w-iconbox-icon\" style=\"font-size:22px;\"><i class=\"far fa-envelope\"><\/i><\/div><\/a><div class=\"w-iconbox-meta\"><div class=\"w-iconbox-text\"><p>asistenciapreventiva@siban.com<\/p>\n<\/div><\/div><\/div><div class=\"w-separator size_small\"><\/div><div class=\"w-iconbox iconpos_left style_circle color_primary align_left\"><div class=\"w-iconbox-icon\" style=\"font-size:22px;\"><i class=\"far fa-phone\"><\/i><\/div><div class=\"w-iconbox-meta\"><h4 class=\"w-iconbox-title\">EMERGENCY:<\/h4><div class=\"w-iconbox-text\"><p>627 536 037<br \/>\n627 536 036<br \/>\n610 283 047<\/p>\n<\/div><\/div><\/div><div class=\"w-separator size_small\"><\/div><div class=\"w-iconbox iconpos_left style_circle color_primary align_left\"><a target=\" _blank\" rel=\"nofollow\" href=\"https:\/\/goo.gl\/maps\/bHYJ7QxTJDpza7aCA\" class=\"w-iconbox-link\" aria-label=\"\u00c1lava\"><div class=\"w-iconbox-icon\" style=\"font-size:22px;\"><i class=\"far fa-map-marker-alt\"><\/i><\/div><\/a><div class=\"w-iconbox-meta\"><a target=\" _blank\" rel=\"nofollow\" href=\"https:\/\/goo.gl\/maps\/bHYJ7QxTJDpza7aCA\" class=\"w-iconbox-link\" aria-label=\"\u00c1lava\"><h4 class=\"w-iconbox-title\">\u00c1lava<\/h4><\/a><div class=\"w-iconbox-text\"><p>Pol. Ind. Jundiz &#8211; c\/BASALDEA, 25<br \/>\n01015 Vitoria (\u00c1lava)<\/p>\n<\/div><\/div><\/div><div class=\"w-separator size_small\"><\/div><div class=\"w-iconbox iconpos_left style_circle color_primary align_left\"><a target=\" _blank\" rel=\"nofollow\" href=\"https:\/\/goo.gl\/maps\/bHYJ7QxTJDpza7aCA\" class=\"w-iconbox-link\" aria-label=\"Cantabria\"><div class=\"w-iconbox-icon\" style=\"font-size:22px;\"><i class=\"far fa-map-marker-alt\"><\/i><\/div><\/a><div class=\"w-iconbox-meta\"><a target=\" _blank\" rel=\"nofollow\" href=\"https:\/\/goo.gl\/maps\/bHYJ7QxTJDpza7aCA\" class=\"w-iconbox-link\" aria-label=\"Cantabria\"><h4 class=\"w-iconbox-title\">Cantabria<\/h4><\/a><div class=\"w-iconbox-text\"><p>Avenida Bilbao, 80<br \/>\n39600 Torrelavega<\/p>\n<\/div><\/div><\/div><div class=\"w-separator size_small\"><\/div><div class=\"w-iconbox iconpos_left style_circle color_primary align_left\"><a target=\" _blank\" rel=\"nofollow\" href=\"https:\/\/goo.gl\/maps\/bHYJ7QxTJDpza7aCA\" class=\"w-iconbox-link\" aria-label=\"Bizkaia\"><div class=\"w-iconbox-icon\" style=\"font-size:22px;\"><i class=\"far fa-map-marker-alt\"><\/i><\/div><\/a><div class=\"w-iconbox-meta\"><a target=\" _blank\" rel=\"nofollow\" href=\"https:\/\/goo.gl\/maps\/bHYJ7QxTJDpza7aCA\" class=\"w-iconbox-link\" aria-label=\"Bizkaia\"><h4 class=\"w-iconbox-title\">Bizkaia<\/h4><\/a><div class=\"w-iconbox-text\"><p>Pol\u00edgono Industrial El Campillo<br \/>\n48500 Abanto y Zierbana<\/p>\n<\/div><\/div><\/div><\/div><\/div><\/div><div class=\"vc_col-sm-6 wpb_column vc_column_container\"><div class=\"vc_column-inner\"><div class=\"wpb_wrapper\"><div class=\"wpb_text_column\"><div class=\"wpb_wrapper\"><h4><strong>Localizaci\u00f3n:<\/strong><\/h4>\n<\/div><\/div><div class=\"w-separator size_small\"><\/div>[vc_raw_html]JTNDaWZyYW1lJTIwc3JjJTNEJTIyaHR0cHMlM0ElMkYlMkZ3d3cuZ29vZ2xlLmNvbSUyRm1hcHMlMkZlbWJlZCUzRnBiJTNEJTIxMW0xNCUyMTFtOCUyMTFtMyUyMTFkMTE3MDIuOTIyMzA0MTc5ODIzJTIxMmQtMi43Mjk2OTI1JTIxM2Q0Mi44MzYzMDQ3JTIxM20yJTIxMWkxMDI0JTIxMmk3NjglMjE0ZjEzLjElMjEzbTMlMjExbTIlMjExczB4MCUyNTNBMHg4N2VmM2RiNjBjNzA0YTFjJTIxMnNHbG9iYWwlMjUyMHNlcnZpY2VzJTI1MjBvbiUyNTIwYmVsdHMlMjUyMHRlY2hub2xvZ2llcyUyNTIwUy5MLiUyMTVlMCUyMTNtMiUyMTFzZXMlMjEyc2VzJTIxNHYxNTc0OTQxOTA0ODQ0JTIxNW0yJTIxMXNlcyUyMTJzZXMlMjIlMjB3aWR0aCUzRCUyMjYwMCUyMiUyMGhlaWdodCUzRCUyMjQ1MCUyMiUyMGZyYW1lYm9yZGVyJTNEJTIyMCUyMiUyMHN0eWxlJTNEJTIyYm9yZGVyJTNBMCUzQiUyMiUyMGFsbG93ZnVsbHNjcmVlbiUzRCUyMiUyMiUzRSUzQyUyRmlmcmFtZSUzRQ==[\/vc_raw_html]<\/div><\/div><\/div><\/div><\/div><\/section>\n","protected":false},"excerpt":{"rendered":"Contact us For any doubt or question&#8230; we are at your disposal. asistenciapreventiva@siban.com EMERGENCY:627 536 037 627 536 036 610 283 047 \u00c1lavaPol. Ind. Jundiz - c\/BASALDEA, 25 01015 Vitoria (\u00c1lava) CantabriaAvenida Bilbao, 80 39600 Torrelavega BizkaiaPol\u00edgono Industrial El Campillo 48500 Abanto y Zierbana Localizaci\u00f3n: [vc_raw_html]JTNDaWZyYW1lJTIwc3JjJTNEJTIyaHR0cHMlM0ElMkYlMkZ3d3cuZ29vZ2xlLmNvbSUyRm1hcHMlMkZlbWJlZCUzRnBiJTNEJTIxMW0xNCUyMTFtOCUyMTFtMyUyMTFkMTE3MDIuOTIyMzA0MTc5ODIzJTIxMmQtMi43Mjk2OTI1JTIxM2Q0Mi44MzYzMDQ3JTIxM20yJTIxMWkxMDI0JTIxMmk3NjglMjE0ZjEzLjElMjEzbTMlMjExbTIlMjExczB4MCUyNTNBMHg4N2VmM2RiNjBjNzA0YTFjJTIxMnNHbG9iYWwlMjUyMHNlcnZpY2VzJTI1MjBvbiUyNTIwYmVsdHMlMjUyMHRlY2hub2xvZ2llcyUyNTIwUy5MLiUyMTVlMCUyMTNtMiUyMTFzZXMlMjEyc2VzJTIxNHYxNTc0OTQxOTA0ODQ0JTIxNW0yJTIxMXNlcyUyMTJzZXMlMjIlMjB3aWR0aCUzRCUyMjYwMCUyMiUyMGhlaWdodCUzRCUyMjQ1MCUyMiUyMGZyYW1lYm9yZGVyJTNEJTIyMCUyMiUyMHN0eWxlJTNEJTIyYm9yZGVyJTNBMCUzQiUyMiUyMGFsbG93ZnVsbHNjcmVlbiUzRCUyMiUyMiUzRSUzQyUyRmlmcmFtZSUzRQ==[\/vc_raw_html]","protected":false},"author":1,"featured_media":0,"parent":0,"menu_order":0,"comment_status":"closed","ping_status":"closed","template":"","meta":{"footnotes":""},"class_list":["post-11995","page","type-page","status-publish","hentry"],"yoast_head":"<!-- This site is optimized with the Yoast SEO plugin v23.4 - https:\/\/yoast.com\/wordpress\/plugins\/seo\/ -->\n<title>Contact - Siban Asistencia Industrial<\/title>\n<meta name=\"description\" content=\"Siban Asistencia Industrial. Contacta con nosotros para cualquier consulta, duda o sugerencia. \u00a1Estamos a tu disposici\u00f3n!\" \/>\n<meta name=\"robots\" content=\"index, follow, max-snippet:-1, max-image-preview:large, max-video-preview:-1\" \/>\n<link rel=\"canonical\" href=\"https:\/\/www.sibanasistencia.com\/contacto\/\" \/>\n<meta property=\"og:locale\" content=\"en_US\" \/>\n<meta property=\"og:type\" content=\"article\" \/>\n<meta property=\"og:title\" content=\"Contact - Siban Asistencia Industrial\" \/>\n<meta property=\"og:description\" content=\"Siban Asistencia Industrial. Contacta con nosotros para cualquier consulta, duda o sugerencia. \u00a1Estamos a tu disposici\u00f3n!\" \/>\n<meta property=\"og:url\" content=\"https:\/\/www.sibanasistencia.com\/contacto\/\" \/>\n<meta property=\"og:site_name\" content=\"Siban Asistencia Industrial\" \/>\n<meta property=\"article:modified_time\" content=\"2020-06-16T09:26:15+00:00\" \/>\n<meta name=\"twitter:card\" content=\"summary_large_image\" \/>\n<meta name=\"twitter:label1\" content=\"Est. reading time\" \/>\n\t<meta name=\"twitter:data1\" content=\"2 minutes\" \/>\n<script type=\"application\/ld+json\" class=\"yoast-schema-graph\">{\"@context\":\"https:\/\/schema.org\",\"@graph\":[{\"@type\":\"WebPage\",\"@id\":\"https:\/\/www.sibanasistencia.com\/contacto\/\",\"url\":\"https:\/\/www.sibanasistencia.com\/contacto\/\",\"name\":\"Contact - Siban Asistencia Industrial\",\"isPartOf\":{\"@id\":\"https:\/\/www.sibanasistencia.com\/#website\"},\"datePublished\":\"2020-06-08T11:43:47+00:00\",\"dateModified\":\"2020-06-16T09:26:15+00:00\",\"description\":\"Siban Asistencia Industrial. Contacta con nosotros para cualquier consulta, duda o sugerencia. \u00a1Estamos a tu disposici\u00f3n!\",\"breadcrumb\":{\"@id\":\"https:\/\/www.sibanasistencia.com\/contacto\/#breadcrumb\"},\"inLanguage\":\"en-US\",\"potentialAction\":[{\"@type\":\"ReadAction\",\"target\":[\"https:\/\/www.sibanasistencia.com\/contacto\/\"]}]},{\"@type\":\"BreadcrumbList\",\"@id\":\"https:\/\/www.sibanasistencia.com\/contacto\/#breadcrumb\",\"itemListElement\":[{\"@type\":\"ListItem\",\"position\":1,\"name\":\"Portada\",\"item\":\"https:\/\/www.sibanasistencia.com\/en\/\"},{\"@type\":\"ListItem\",\"position\":2,\"name\":\"Contact\"}]},{\"@type\":\"WebSite\",\"@id\":\"https:\/\/www.sibanasistencia.com\/#website\",\"url\":\"https:\/\/www.sibanasistencia.com\/\",\"name\":\"Siban Asistencia Industrial\",\"description\":\"Montaje y reparaci\u00f3n de bandas transportadoras\",\"potentialAction\":[{\"@type\":\"SearchAction\",\"target\":{\"@type\":\"EntryPoint\",\"urlTemplate\":\"https:\/\/www.sibanasistencia.com\/?s={search_term_string}\"},\"query-input\":{\"@type\":\"PropertyValueSpecification\",\"valueRequired\":true,\"valueName\":\"search_term_string\"}}],\"inLanguage\":\"en-US\"}]}<\/script>\n<!-- \/ Yoast SEO plugin. -->","yoast_head_json":{"title":"Contact - Siban Asistencia Industrial","description":"Siban Asistencia Industrial. Contacta con nosotros para cualquier consulta, duda o sugerencia. \u00a1Estamos a tu disposici\u00f3n!","robots":{"index":"index","follow":"follow","max-snippet":"max-snippet:-1","max-image-preview":"max-image-preview:large","max-video-preview":"max-video-preview:-1"},"canonical":"https:\/\/www.sibanasistencia.com\/contacto\/","og_locale":"en_US","og_type":"article","og_title":"Contact - Siban Asistencia Industrial","og_description":"Siban Asistencia Industrial. Contacta con nosotros para cualquier consulta, duda o sugerencia. \u00a1Estamos a tu disposici\u00f3n!","og_url":"https:\/\/www.sibanasistencia.com\/contacto\/","og_site_name":"Siban Asistencia Industrial","article_modified_time":"2020-06-16T09:26:15+00:00","twitter_card":"summary_large_image","twitter_misc":{"Est. reading time":"2 minutes"},"schema":{"@context":"https:\/\/schema.org","@graph":[{"@type":"WebPage","@id":"https:\/\/www.sibanasistencia.com\/contacto\/","url":"https:\/\/www.sibanasistencia.com\/contacto\/","name":"Contact - Siban Asistencia Industrial","isPartOf":{"@id":"https:\/\/www.sibanasistencia.com\/#website"},"datePublished":"2020-06-08T11:43:47+00:00","dateModified":"2020-06-16T09:26:15+00:00","description":"Siban Asistencia Industrial. Contacta con nosotros para cualquier consulta, duda o sugerencia. \u00a1Estamos a tu disposici\u00f3n!","breadcrumb":{"@id":"https:\/\/www.sibanasistencia.com\/contacto\/#breadcrumb"},"inLanguage":"en-US","potentialAction":[{"@type":"ReadAction","target":["https:\/\/www.sibanasistencia.com\/contacto\/"]}]},{"@type":"BreadcrumbList","@id":"https:\/\/www.sibanasistencia.com\/contacto\/#breadcrumb","itemListElement":[{"@type":"ListItem","position":1,"name":"Portada","item":"https:\/\/www.sibanasistencia.com\/en\/"},{"@type":"ListItem","position":2,"name":"Contact"}]},{"@type":"WebSite","@id":"https:\/\/www.sibanasistencia.com\/#website","url":"https:\/\/www.sibanasistencia.com\/","name":"Siban Asistencia Industrial","description":"Montaje y reparaci\u00f3n de bandas transportadoras","potentialAction":[{"@type":"SearchAction","target":{"@type":"EntryPoint","urlTemplate":"https:\/\/www.sibanasistencia.com\/?s={search_term_string}"},"query-input":{"@type":"PropertyValueSpecification","valueRequired":true,"valueName":"search_term_string"}}],"inLanguage":"en-US"}]}},"_links":{"self":[{"href":"https:\/\/www.sibanasistencia.com\/en\/wp-json\/wp\/v2\/pages\/11995"}],"collection":[{"href":"https:\/\/www.sibanasistencia.com\/en\/wp-json\/wp\/v2\/pages"}],"about":[{"href":"https:\/\/www.sibanasistencia.com\/en\/wp-json\/wp\/v2\/types\/page"}],"author":[{"embeddable":true,"href":"https:\/\/www.sibanasistencia.com\/en\/wp-json\/wp\/v2\/users\/1"}],"replies":[{"embeddable":true,"href":"https:\/\/www.sibanasistencia.com\/en\/wp-json\/wp\/v2\/comments?post=11995"}],"version-history":[{"count":2,"href":"https:\/\/www.sibanasistencia.com\/en\/wp-json\/wp\/v2\/pages\/11995\/revisions"}],"predecessor-version":[{"id":12410,"href":"https:\/\/www.sibanasistencia.com\/en\/wp-json\/wp\/v2\/pages\/11995\/revisions\/12410"}],"wp:attachment":[{"href":"https:\/\/www.sibanasistencia.com\/en\/wp-json\/wp\/v2\/media?parent=11995"}],"curies":[{"name":"wp","href":"https:\/\/api.w.org\/{rel}","templated":true}]}}